{"id":1414,"date":"2023-11-21T01:26:15","date_gmt":"2023-11-20T22:26:15","guid":{"rendered":"https:\/\/fecoi.eu\/?page_id=1414"},"modified":"2025-10-11T23:50:12","modified_gmt":"2025-10-11T20:50:12","slug":"hebergement-et-partenaires-du-projet","status":"publish","type":"page","link":"https:\/\/fecoi.eu\/?page_id=1414","title":{"rendered":"Projets et partenaires du projet"},"content":{"rendered":"\n<p><strong>FECOI est heureuse de rejoindre le projet Erasmus+ de \u00ab&nbsp;Strat\u00e9gie europ\u00e9enne d&#8217;inclusion pour les Ukrainiens&nbsp;\u00bb (2024-1-NL01-KA220-ADU-000254378) qui se d\u00e9roulera sur les 2 prochaines ann\u00e9es.<\/strong><\/p>\n\n\n\n<p>La crise de guerre en Ukraine a consid\u00e9rablement \u00e9chauff\u00e9 la soci\u00e9t\u00e9 europ\u00e9enne et pour cette raison, la motivation derri\u00e8re le projet INCLUSION ax\u00e9 sur l&#8217;inclusion des immigrants et r\u00e9fugi\u00e9s ukrainiens est enracin\u00e9e dans les principes de compassion, de droits de l&#8217;homme, de justice sociale et de reconnaissance des contributions positives que les immigrants apportent \u00e0 leurs nouvelles communaut\u00e9s. En promouvant l&#8217;inclusion et la solidarit\u00e9, ce projet vise \u00e0 construire une soci\u00e9t\u00e9 plus \u00e9quitable, plus diversifi\u00e9e et plus prosp\u00e8re pour tous en Europe.<\/p>\n\n\n\n<p>Le projet vise \u00e0 :<\/p>\n\n\n\n<p>o D\u00e9velopper une m\u00e9thodologie innovante d&#8217;inclusion pour les Ukrainiens<\/p>\n\n\n\n<p>o D\u00e9velopper un programme d&#8217;\u00e9tudes innovant pour l&#8217;inclusion des Ukrainiens<\/p>\n\n\n\n<p>o D\u00e9velopper une formation par le travail<\/p>\n\n\n\n<p>o \u00c9laborer un guide d&#8217;inclusion innovant ax\u00e9 sur les Ukrainiens<\/p>\n\n\n\n<p>Les partenaires suivants rejoindront les projets&nbsp;:<\/p>\n\n\n\n<p>Stichting Amsterdam European Mobility (Pays-Bas) ; STEPP (Italie)&nbsp;; Formation professionnelle Moba (Espagne); \u00c9ducation, Culture de la V\u00e9rit\u00e9 (Ukraine)<\/p>\n\n\n\n<p><br>R\u00e9f\u00e9rence: <a href=\"https:\/\/www.linkedin.com\/posts\/france-education-culture-and-international-organisation_fecoi-est-heureuse-de-rejoindre-le-projet-activity-7382720220953595904-nIZp?utm_source=share&amp;utm_medium=member_desktop&amp;rcm=ACoAABZqb1gBD0mB4AQLlDJUZS3CDefhgGffMWg\" target=\"_blank\" rel=\"noopener\" title=\"\">https:\/\/www.linkedin.com\/posts\/france-education-culture-and-international-organisation_fecoi-est-heureuse-de-rejoindre-le-projet-activity-7382720220953595904-nIZp?utm_source=share&amp;utm_medium=member_desktop&amp;rcm=ACoAABZqb1gBD0mB4AQLlDJUZS3CDefhgGffMWg<\/a><\/p>\n\n\n\n<p><\/p>\n\n\n\n<p><strong>FECOI est heureuse de rejoindre le projet Erasmus+ de \u00ab&nbsp;Construire des soci\u00e9t\u00e9s inclusives contre la discrimination&nbsp;\u00bb (KA210-YOU-4FFE2D26) pour les 2 prochaines ann\u00e9es.<\/strong><\/p>\n\n\n\n<p>Le projet BIS-AD (Building Inclusive Societies Against Discrimination) vise \u00e0 renforcer l&#8217;inclusion sociale, la citoyennet\u00e9 active et la compr\u00e9hension interculturelle en dotant au moins 200 jeunes, 50 \u00e9ducateurs et 20 acteurs locaux des comp\u00e9tences et des outils n\u00e9cessaires pour lutter contre la discrimination et promouvoir la diversit\u00e9. Le projet s&#8217;aligne sur les priorit\u00e9s d&#8217;Erasmus+ en favorisant l&#8217;inclusion sociale, en augmentant la participation des jeunes et en am\u00e9liorant la qualit\u00e9 du travail de jeunesse.<\/p>\n\n\n\n<p>Les partenaires suivants rejoindront les projets&nbsp;:<\/p>\n\n\n\n<p>Comune di Ghedi (Municipalit\u00e9 de Ghedi, Italie) et Lykia Izcilik ve Dogaseverler Kultur Dernegi (Turquie)<\/p>\n\n\n\n<p>R\u00e9f\u00e9rence: <a href=\"https:\/\/www.linkedin.com\/posts\/france-education-culture-and-international-organisation_fecoi-est-heureuse-de-rejoindre-le-projet-activity-7382724776261369856-D1B1?utm_source=share&amp;utm_medium=member_desktop&amp;rcm=ACoAABZqb1gBD0mB4AQLlDJUZS3CDefhgGffMWg\" target=\"_blank\" rel=\"noopener\" title=\"\">https:\/\/www.linkedin.com\/posts\/france-education-culture-and-international-organisation_fecoi-est-heureuse-de-rejoindre-le-projet-activity-7382724776261369856-D1B1?utm_source=share&amp;utm_medium=member_desktop&amp;rcm=ACoAABZqb1gBD0mB4AQLlDJUZS3CDefhgGffMWg<\/a><\/p>\n\n\n\n<h2 class=\"wp-block-heading\"><strong><strong>H\u00c9BERGEMENT<\/strong><\/strong><\/h2>\n\n\n\n<p>Nous collaborons avec l\u2019H\u00f4tel Anadolu Services Ltd. (4 \u00e9toiles) o\u00f9 nous h\u00e9bergeons nos invit\u00e9s, avec trois repas compris &#8211; petit-d\u00e9jeuner, d\u00e9jeuner et d\u00eener. L\u2019h\u00f4tel dispose \u00e9galement de plusieurs salles de conf\u00e9rence. Nous pouvons donc facilement organiser des conf\u00e9rences, des formations et d\u2019autres \u00e9v\u00e9nements.<\/p>\n\n\n\n<p>L\u2019h\u00f4tel est situ\u00e9 au 10 Rue Thomas Mann, 67200 Strasbourg, France.<\/p>\n\n\n\n<figure class=\"wp-block-image size-large\"><img loading=\"lazy\" decoding=\"async\" width=\"1024\" height=\"576\" src=\"http:\/\/fecoi.eu\/wp-content\/uploads\/2023\/11\/fecoana-1024x576.jpg\" alt=\"\" class=\"wp-image-1356\" srcset=\"https:\/\/fecoi.eu\/wp-content\/uploads\/2023\/11\/fecoana-1024x576.jpg 1024w, https:\/\/fecoi.eu\/wp-content\/uploads\/2023\/11\/fecoana-300x169.jpg 300w, https:\/\/fecoi.eu\/wp-content\/uploads\/2023\/11\/fecoana-768x432.jpg 768w, https:\/\/fecoi.eu\/wp-content\/uploads\/2023\/11\/fecoana-1536x864.jpg 1536w, https:\/\/fecoi.eu\/wp-content\/uploads\/2023\/11\/fecoana.jpg 2048w\" sizes=\"auto, (max-width: 1024px) 100vw, 1024px\" \/><\/figure>\n\n\n\n<figure class=\"wp-block-gallery has-nested-images columns-default is-cropped wp-block-gallery-1 is-layout-flex wp-block-gallery-is-layout-flex\">\n<figure class=\"wp-block-image size-full\"><img loading=\"lazy\" decoding=\"async\" width=\"768\" height=\"1024\" data-id=\"1355\" src=\"https:\/\/fecoi.eu\/wp-content\/uploads\/2023\/11\/fecoi10.jpg\" alt=\"\" class=\"wp-image-1355\" srcset=\"https:\/\/fecoi.eu\/wp-content\/uploads\/2023\/11\/fecoi10.jpg 768w, https:\/\/fecoi.eu\/wp-content\/uploads\/2023\/11\/fecoi10-225x300.jpg 225w\" sizes=\"auto, (max-width: 768px) 100vw, 768px\" \/><\/figure>\n\n\n\n<figure class=\"wp-block-image size-full\"><img loading=\"lazy\" decoding=\"async\" width=\"768\" height=\"1024\" data-id=\"1354\" src=\"https:\/\/fecoi.eu\/wp-content\/uploads\/2023\/11\/fecoi9.jpg\" alt=\"\" class=\"wp-image-1354\" srcset=\"https:\/\/fecoi.eu\/wp-content\/uploads\/2023\/11\/fecoi9.jpg 768w, https:\/\/fecoi.eu\/wp-content\/uploads\/2023\/11\/fecoi9-225x300.jpg 225w\" sizes=\"auto, (max-width: 768px) 100vw, 768px\" \/><\/figure>\n\n\n\n<figure class=\"wp-block-image size-full\"><img loading=\"lazy\" decoding=\"async\" width=\"1024\" height=\"768\" data-id=\"1353\" src=\"https:\/\/fecoi.eu\/wp-content\/uploads\/2023\/11\/fecoi8.jpg\" alt=\"\" class=\"wp-image-1353\" srcset=\"https:\/\/fecoi.eu\/wp-content\/uploads\/2023\/11\/fecoi8.jpg 1024w, https:\/\/fecoi.eu\/wp-content\/uploads\/2023\/11\/fecoi8-300x225.jpg 300w, https:\/\/fecoi.eu\/wp-content\/uploads\/2023\/11\/fecoi8-768x576.jpg 768w\" sizes=\"auto, (max-width: 1024px) 100vw, 1024px\" \/><\/figure>\n\n\n\n<figure class=\"wp-block-image size-full\"><img loading=\"lazy\" decoding=\"async\" width=\"1152\" height=\"2048\" data-id=\"1352\" src=\"https:\/\/fecoi.eu\/wp-content\/uploads\/2023\/11\/fecoi7.jpg\" alt=\"\" class=\"wp-image-1352\" srcset=\"https:\/\/fecoi.eu\/wp-content\/uploads\/2023\/11\/fecoi7.jpg 1152w, https:\/\/fecoi.eu\/wp-content\/uploads\/2023\/11\/fecoi7-169x300.jpg 169w, https:\/\/fecoi.eu\/wp-content\/uploads\/2023\/11\/fecoi7-576x1024.jpg 576w, https:\/\/fecoi.eu\/wp-content\/uploads\/2023\/11\/fecoi7-768x1365.jpg 768w, https:\/\/fecoi.eu\/wp-content\/uploads\/2023\/11\/fecoi7-864x1536.jpg 864w\" sizes=\"auto, (max-width: 1152px) 100vw, 1152px\" \/><\/figure>\n\n\n\n<figure class=\"wp-block-image size-full\"><img loading=\"lazy\" decoding=\"async\" width=\"1152\" height=\"2048\" data-id=\"1351\" src=\"https:\/\/fecoi.eu\/wp-content\/uploads\/2023\/11\/fecoi6.jpg\" alt=\"\" class=\"wp-image-1351\" srcset=\"https:\/\/fecoi.eu\/wp-content\/uploads\/2023\/11\/fecoi6.jpg 1152w, https:\/\/fecoi.eu\/wp-content\/uploads\/2023\/11\/fecoi6-169x300.jpg 169w, https:\/\/fecoi.eu\/wp-content\/uploads\/2023\/11\/fecoi6-576x1024.jpg 576w, https:\/\/fecoi.eu\/wp-content\/uploads\/2023\/11\/fecoi6-768x1365.jpg 768w, https:\/\/fecoi.eu\/wp-content\/uploads\/2023\/11\/fecoi6-864x1536.jpg 864w\" sizes=\"auto, (max-width: 1152px) 100vw, 1152px\" \/><\/figure>\n\n\n\n<figure class=\"wp-block-image size-full\"><img loading=\"lazy\" decoding=\"async\" width=\"1152\" height=\"2048\" data-id=\"1350\" src=\"https:\/\/fecoi.eu\/wp-content\/uploads\/2023\/11\/fecoi5.jpg\" alt=\"\" class=\"wp-image-1350\" srcset=\"https:\/\/fecoi.eu\/wp-content\/uploads\/2023\/11\/fecoi5.jpg 1152w, https:\/\/fecoi.eu\/wp-content\/uploads\/2023\/11\/fecoi5-169x300.jpg 169w, https:\/\/fecoi.eu\/wp-content\/uploads\/2023\/11\/fecoi5-576x1024.jpg 576w, https:\/\/fecoi.eu\/wp-content\/uploads\/2023\/11\/fecoi5-768x1365.jpg 768w, https:\/\/fecoi.eu\/wp-content\/uploads\/2023\/11\/fecoi5-864x1536.jpg 864w\" sizes=\"auto, (max-width: 1152px) 100vw, 1152px\" \/><\/figure>\n\n\n\n<figure class=\"wp-block-image size-full\"><img loading=\"lazy\" decoding=\"async\" width=\"2048\" height=\"1152\" data-id=\"1349\" src=\"https:\/\/fecoi.eu\/wp-content\/uploads\/2023\/11\/fecoi4.jpg\" alt=\"\" class=\"wp-image-1349\" srcset=\"https:\/\/fecoi.eu\/wp-content\/uploads\/2023\/11\/fecoi4.jpg 2048w, https:\/\/fecoi.eu\/wp-content\/uploads\/2023\/11\/fecoi4-300x169.jpg 300w, https:\/\/fecoi.eu\/wp-content\/uploads\/2023\/11\/fecoi4-1024x576.jpg 1024w, https:\/\/fecoi.eu\/wp-content\/uploads\/2023\/11\/fecoi4-768x432.jpg 768w, https:\/\/fecoi.eu\/wp-content\/uploads\/2023\/11\/fecoi4-1536x864.jpg 1536w\" sizes=\"auto, (max-width: 2048px) 100vw, 2048px\" \/><\/figure>\n\n\n\n<figure class=\"wp-block-image size-full\"><img loading=\"lazy\" decoding=\"async\" width=\"2048\" height=\"1152\" data-id=\"1348\" src=\"https:\/\/fecoi.eu\/wp-content\/uploads\/2023\/11\/fecoi3.jpg\" alt=\"\" class=\"wp-image-1348\" srcset=\"https:\/\/fecoi.eu\/wp-content\/uploads\/2023\/11\/fecoi3.jpg 2048w, https:\/\/fecoi.eu\/wp-content\/uploads\/2023\/11\/fecoi3-300x169.jpg 300w, https:\/\/fecoi.eu\/wp-content\/uploads\/2023\/11\/fecoi3-1024x576.jpg 1024w, https:\/\/fecoi.eu\/wp-content\/uploads\/2023\/11\/fecoi3-768x432.jpg 768w, https:\/\/fecoi.eu\/wp-content\/uploads\/2023\/11\/fecoi3-1536x864.jpg 1536w\" sizes=\"auto, (max-width: 2048px) 100vw, 2048px\" \/><\/figure>\n\n\n\n<figure class=\"wp-block-image size-full\"><img loading=\"lazy\" decoding=\"async\" width=\"2048\" height=\"1152\" data-id=\"1347\" src=\"https:\/\/fecoi.eu\/wp-content\/uploads\/2023\/11\/fecoi2.jpg\" alt=\"\" class=\"wp-image-1347\" srcset=\"https:\/\/fecoi.eu\/wp-content\/uploads\/2023\/11\/fecoi2.jpg 2048w, https:\/\/fecoi.eu\/wp-content\/uploads\/2023\/11\/fecoi2-300x169.jpg 300w, https:\/\/fecoi.eu\/wp-content\/uploads\/2023\/11\/fecoi2-1024x576.jpg 1024w, https:\/\/fecoi.eu\/wp-content\/uploads\/2023\/11\/fecoi2-768x432.jpg 768w, https:\/\/fecoi.eu\/wp-content\/uploads\/2023\/11\/fecoi2-1536x864.jpg 1536w\" sizes=\"auto, (max-width: 2048px) 100vw, 2048px\" \/><\/figure>\n\n\n\n<figure class=\"wp-block-image size-full\"><img loading=\"lazy\" decoding=\"async\" width=\"768\" height=\"1024\" data-id=\"1346\" src=\"https:\/\/fecoi.eu\/wp-content\/uploads\/2023\/11\/fecoi13.jpg\" alt=\"\" class=\"wp-image-1346\" srcset=\"https:\/\/fecoi.eu\/wp-content\/uploads\/2023\/11\/fecoi13.jpg 768w, https:\/\/fecoi.eu\/wp-content\/uploads\/2023\/11\/fecoi13-225x300.jpg 225w\" sizes=\"auto, (max-width: 768px) 100vw, 768px\" \/><\/figure>\n\n\n\n<figure class=\"wp-block-image size-full\"><img loading=\"lazy\" decoding=\"async\" width=\"768\" height=\"1024\" data-id=\"1345\" src=\"https:\/\/fecoi.eu\/wp-content\/uploads\/2023\/11\/fecoi12.jpg\" alt=\"\" class=\"wp-image-1345\" srcset=\"https:\/\/fecoi.eu\/wp-content\/uploads\/2023\/11\/fecoi12.jpg 768w, https:\/\/fecoi.eu\/wp-content\/uploads\/2023\/11\/fecoi12-225x300.jpg 225w\" sizes=\"auto, (max-width: 768px) 100vw, 768px\" \/><\/figure>\n\n\n\n<figure class=\"wp-block-image size-full\"><img loading=\"lazy\" decoding=\"async\" width=\"768\" height=\"1024\" data-id=\"1344\" src=\"https:\/\/fecoi.eu\/wp-content\/uploads\/2023\/11\/fecoi11.jpg\" alt=\"\" class=\"wp-image-1344\" srcset=\"https:\/\/fecoi.eu\/wp-content\/uploads\/2023\/11\/fecoi11.jpg 768w, https:\/\/fecoi.eu\/wp-content\/uploads\/2023\/11\/fecoi11-225x300.jpg 225w\" sizes=\"auto, (max-width: 768px) 100vw, 768px\" \/><\/figure>\n<\/figure>\n\n\n\n<p><\/p>\n\n\n\n<h2 class=\"wp-block-heading\"><strong>PARTENAIRES DE STAGE<\/strong><\/h2>\n\n\n\n<p>Nous avons travaill\u00e9 avec plusieurs organisations dans le cadre de projets Erasmus+ en offrant des opportunit\u00e9s de stage. Par exemple:<\/p>\n\n\n\n<p><strong>Strasbourg Hilton Hotel:<\/strong> <a href=\"https:\/\/www.hilton.com\/en\/hotels\/sxbhitw-hilton-strasbourg\/?SEO_id=GMB-EMEA-TW-SXBHITW\" target=\"_blank\" rel=\"noopener\" title=\"\">https:\/\/www.hilton.com\/en\/hotels\/sxbhitw-hilton-strasbourg\/?SEO_id=GMB-EMEA-TW-SXBHITW<\/a><\/p>\n\n\n\n<p><strong>Strasbourg Marriott Hotel:<\/strong> <a href=\"https:\/\/www.marriott.com\/en-us\/hotels\/sxbri-residence-inn-strasbourg\/overview\/\" target=\"_blank\" rel=\"noopener\" title=\"\">https:\/\/www.marriott.com\/en-us\/hotels\/sxbri-residence-inn-strasbourg\/overview\/<\/a><\/p>\n\n\n\n<p><strong>Aloft Strasbourg Etoile: <\/strong><a href=\"https:\/\/www.marriott.com\/en-us\/hotels\/stral-aloft-stuttgart\/overview\/?scid=f2ae0541-1279-4f24-b197-a979c79310b0\" target=\"_blank\" rel=\"noopener\" title=\"\">https:\/\/www.marriott.com\/en-us\/hotels\/stral-aloft-stuttgart\/overview\/?scid=f2ae0541-1279-4f24-b197-a979c79310b0<\/a><\/p>\n\n\n\n<p><strong>AC Hotel by Marriott Hotel:<\/strong> <a href=\"https:\/\/www.marriott.com\/en-us\/hotels\/sxbar-ac-hotel-strasbourg\/overview\/?scid=f2ae0541-1279-4f24-b197-a979c79310b0\" target=\"_blank\" rel=\"noopener\" title=\"\">https:\/\/www.marriott.com\/en-us\/hotels\/sxbar-ac-hotel-strasbourg\/overview\/?scid=f2ae0541-1279-4f24-b197-a979c79310b0<\/a><\/p>\n\n\n\n<p><strong>Elite Steak House:<\/strong> <a href=\"https:\/\/www.elitesteakhouse.fr\/\" target=\"_blank\" rel=\"noopener\" title=\"\">https:\/\/www.elitesteakhouse.fr\/<\/a><\/p>\n\n\n\n<p><strong>Viwam\u00e9tal:<\/strong><a href=\"https:\/\/viwametal.fr\/\" target=\"_blank\" rel=\"noopener\" title=\"\"> https:\/\/viwametal.fr\/<\/a><\/p>\n\n\n\n<p><strong>Alsace Auto Live: <\/strong><a href=\"http:\/\/www.alsaceautolive.com\/alsace-auto-live,svoc283.html\" target=\"_blank\" rel=\"noopener\" title=\"\">www.alsaceautolive.com\/alsace-auto-live,svoc283.html<\/a><\/p>\n","protected":false},"excerpt":{"rendered":"<p>FECOI est heureuse de rejoindre le projet Erasmus+ de \u00ab&nbsp;Strat\u00e9gie europ\u00e9enne d&#8217;inclusion pour les Ukrainiens&nbsp;\u00bb (2024-1-NL01-KA220-ADU-000254378) qui se d\u00e9roulera sur les 2 prochaines ann\u00e9es. La crise de guerre en Ukraine a consid\u00e9rablement \u00e9chauff\u00e9 la soci\u00e9t\u00e9 europ\u00e9enne et pour cette raison, la motivation derri\u00e8re le projet INCLUSION ax\u00e9 sur l&#8217;inclusion des immigrants et r\u00e9fugi\u00e9s ukrainiens est &hellip;<\/p>\n","protected":false},"author":1,"featured_media":0,"parent":0,"menu_order":0,"comment_status":"closed","ping_status":"closed","template":"","meta":{"om_disable_all_campaigns":false,"_monsterinsights_skip_tracking":false,"_monsterinsights_sitenote_active":false,"_monsterinsights_sitenote_note":"","_monsterinsights_sitenote_category":0,"footnotes":""},"class_list":["post-1414","page","type-page","status-publish",""],"aioseo_notices":[],"_links":{"self":[{"href":"https:\/\/fecoi.eu\/index.php?rest_route=\/wp\/v2\/pages\/1414","targetHints":{"allow":["GET"]}}],"collection":[{"href":"https:\/\/fecoi.eu\/index.php?rest_route=\/wp\/v2\/pages"}],"about":[{"href":"https:\/\/fecoi.eu\/index.php?rest_route=\/wp\/v2\/types\/page"}],"author":[{"embeddable":true,"href":"https:\/\/fecoi.eu\/index.php?rest_route=\/wp\/v2\/users\/1"}],"replies":[{"embeddable":true,"href":"https:\/\/fecoi.eu\/index.php?rest_route=%2Fwp%2Fv2%2Fcomments&post=1414"}],"version-history":[{"count":10,"href":"https:\/\/fecoi.eu\/index.php?rest_route=\/wp\/v2\/pages\/1414\/revisions"}],"predecessor-version":[{"id":1561,"href":"https:\/\/fecoi.eu\/index.php?rest_route=\/wp\/v2\/pages\/1414\/revisions\/1561"}],"wp:attachment":[{"href":"https:\/\/fecoi.eu\/index.php?rest_route=%2Fwp%2Fv2%2Fmedia&parent=1414"}],"curies":[{"name":"wp","href":"https:\/\/api.w.org\/{rel}","templated":true}]}}