{"id":1406,"date":"2023-11-21T00:52:20","date_gmt":"2023-11-20T21:52:20","guid":{"rendered":"https:\/\/fecoi.eu\/?page_id=1406"},"modified":"2023-11-22T17:35:00","modified_gmt":"2023-11-22T14:35:00","slug":"print","status":"publish","type":"page","link":"https:\/\/fecoi.eu\/?page_id=1406","title":{"rendered":"Imprint"},"content":{"rendered":"\n<p><strong>Concessionnaire \/ Grantee<\/strong><br>\u00d6zg\u00fcr \u00c7\u0131nar \/ Instructeur \/ ozgurcinar@fecoi.eu<\/p>\n\n\n\n<p><strong>R\u00e9dacteur en chef \/ Editor in Chief<\/strong><\/p>\n\n\n\n<p>Kamil Esen \/ Engineer \/ kamilesen@fecoi.eu<\/p>\n\n\n\n<p><strong>R\u00e9dacteurs en chef \/ Editors<\/strong><\/p>\n\n\n\n<p>\u00d6zg\u00fcr \u00c7\u0131nar \/ Instructeur \/ ozgurcinar@fecoi.eu<\/p>\n\n\n\n<p>Kamil Esen \/ Engineer \/ kamilesen@fecoi.eu<\/p>\n\n\n\n<p>Mehmet Ero\u011flu \/ Instructeur \/ mehmeteroglu@fecoi.eu<\/p>\n\n\n\n<p><strong>Contact<\/strong><br>E-mail: info@fecoi.eu<\/p>\n\n\n\n<p>Sahifa theme licensed with WordPress free software infrastructure is used. All external links on the site open on a separate page. Fecoi.eu does not take responsibility for external links.<\/p>\n","protected":false},"excerpt":{"rendered":"<p>Concessionnaire \/ Grantee\u00d6zg\u00fcr \u00c7\u0131nar \/ Instructeur \/ ozgurcinar@fecoi.eu R\u00e9dacteur en chef \/ Editor in Chief Kamil Esen \/ Engineer \/ kamilesen@fecoi.eu R\u00e9dacteurs en chef \/ Editors \u00d6zg\u00fcr \u00c7\u0131nar \/ Instructeur \/ ozgurcinar@fecoi.eu Kamil Esen \/ Engineer \/ kamilesen@fecoi.eu Mehmet Ero\u011flu \/ Instructeur \/ mehmeteroglu@fecoi.eu ContactE-mail: info@fecoi.eu Sahifa theme licensed with WordPress free software infrastructure is &hellip;<\/p>\n","protected":false},"author":1,"featured_media":0,"parent":0,"menu_order":0,"comment_status":"closed","ping_status":"closed","template":"","meta":{"om_disable_all_campaigns":false,"_monsterinsights_skip_tracking":false,"_monsterinsights_sitenote_active":false,"_monsterinsights_sitenote_note":"","_monsterinsights_sitenote_category":0,"footnotes":""},"class_list":["post-1406","page","type-page","status-publish",""],"aioseo_notices":[],"_links":{"self":[{"href":"https:\/\/fecoi.eu\/index.php?rest_route=\/wp\/v2\/pages\/1406","targetHints":{"allow":["GET"]}}],"collection":[{"href":"https:\/\/fecoi.eu\/index.php?rest_route=\/wp\/v2\/pages"}],"about":[{"href":"https:\/\/fecoi.eu\/index.php?rest_route=\/wp\/v2\/types\/page"}],"author":[{"embeddable":true,"href":"https:\/\/fecoi.eu\/index.php?rest_route=\/wp\/v2\/users\/1"}],"replies":[{"embeddable":true,"href":"https:\/\/fecoi.eu\/index.php?rest_route=%2Fwp%2Fv2%2Fcomments&post=1406"}],"version-history":[{"count":3,"href":"https:\/\/fecoi.eu\/index.php?rest_route=\/wp\/v2\/pages\/1406\/revisions"}],"predecessor-version":[{"id":1495,"href":"https:\/\/fecoi.eu\/index.php?rest_route=\/wp\/v2\/pages\/1406\/revisions\/1495"}],"wp:attachment":[{"href":"https:\/\/fecoi.eu\/index.php?rest_route=%2Fwp%2Fv2%2Fmedia&parent=1406"}],"curies":[{"name":"wp","href":"https:\/\/api.w.org\/{rel}","templated":true}]}}