{"id":1394,"date":"2023-11-21T00:34:50","date_gmt":"2023-11-20T21:34:50","guid":{"rendered":"https:\/\/fecoi.eu\/?page_id=1394"},"modified":"2023-11-22T17:36:30","modified_gmt":"2023-11-22T14:36:30","slug":"impression","status":"publish","type":"page","link":"https:\/\/fecoi.eu\/?page_id=1394","title":{"rendered":"Impression"},"content":{"rendered":"\n<p><strong>Concessionnaire \/ Grantee<\/strong><br>\u00d6zg\u00fcr \u00c7\u0131nar \/ Instructeur \/ ozgurcinar@fecoi.eu<\/p>\n\n\n\n<p><strong>R\u00e9dacteur en chef \/ Editor in Chief<\/strong><\/p>\n\n\n\n<p>Kamil Esen \/ Engineer \/ kamilesen@fecoi.eu<\/p>\n\n\n\n<p><strong>R\u00e9dacteurs en chef \/ Editors<\/strong><\/p>\n\n\n\n<p>\u00d6zg\u00fcr \u00c7\u0131nar \/ Instructeur \/ ozgurcinar@fecoi.eu<\/p>\n\n\n\n<p>Kamil Esen \/ Engineer \/ kamilesen@fecoi.eu<\/p>\n\n\n\n<p>Mehmet Ero\u011flu \/ Instructeur \/ mehmeteroglu@fecoi.eu<\/p>\n\n\n\n<p><strong>Contact<\/strong><br><strong>E-mail<\/strong> : info@fecoi.eu<\/p>\n\n\n\n<p>Le th\u00e8me Sahifa sous licence de l&#8217;infrastructure du logiciel libre WordPress est utilis\u00e9. Tous les liens externes sur le site s&#8217;ouvrent sur une page s\u00e9par\u00e9e. Fecoi.eu n&#8217;est pas responsable des liens externes.<\/p>\n","protected":false},"excerpt":{"rendered":"<p>Concessionnaire \/ Grantee\u00d6zg\u00fcr \u00c7\u0131nar \/ Instructeur \/ ozgurcinar@fecoi.eu R\u00e9dacteur en chef \/ Editor in Chief Kamil Esen \/ Engineer \/ kamilesen@fecoi.eu R\u00e9dacteurs en chef \/ Editors \u00d6zg\u00fcr \u00c7\u0131nar \/ Instructeur \/ ozgurcinar@fecoi.eu Kamil Esen \/ Engineer \/ kamilesen@fecoi.eu Mehmet Ero\u011flu \/ Instructeur \/ mehmeteroglu@fecoi.eu ContactE-mail : info@fecoi.eu Le th\u00e8me Sahifa sous licence de l&#8217;infrastructure du &hellip;<\/p>\n","protected":false},"author":1,"featured_media":0,"parent":0,"menu_order":0,"comment_status":"closed","ping_status":"closed","template":"","meta":{"om_disable_all_campaigns":false,"_monsterinsights_skip_tracking":false,"_monsterinsights_sitenote_active":false,"_monsterinsights_sitenote_note":"","_monsterinsights_sitenote_category":0,"footnotes":""},"class_list":["post-1394","page","type-page","status-publish",""],"aioseo_notices":[],"_links":{"self":[{"href":"https:\/\/fecoi.eu\/index.php?rest_route=\/wp\/v2\/pages\/1394","targetHints":{"allow":["GET"]}}],"collection":[{"href":"https:\/\/fecoi.eu\/index.php?rest_route=\/wp\/v2\/pages"}],"about":[{"href":"https:\/\/fecoi.eu\/index.php?rest_route=\/wp\/v2\/types\/page"}],"author":[{"embeddable":true,"href":"https:\/\/fecoi.eu\/index.php?rest_route=\/wp\/v2\/users\/1"}],"replies":[{"embeddable":true,"href":"https:\/\/fecoi.eu\/index.php?rest_route=%2Fwp%2Fv2%2Fcomments&post=1394"}],"version-history":[{"count":4,"href":"https:\/\/fecoi.eu\/index.php?rest_route=\/wp\/v2\/pages\/1394\/revisions"}],"predecessor-version":[{"id":1496,"href":"https:\/\/fecoi.eu\/index.php?rest_route=\/wp\/v2\/pages\/1394\/revisions\/1496"}],"wp:attachment":[{"href":"https:\/\/fecoi.eu\/index.php?rest_route=%2Fwp%2Fv2%2Fmedia&parent=1394"}],"curies":[{"name":"wp","href":"https:\/\/api.w.org\/{rel}","templated":true}]}}