{"id":1388,"date":"2023-11-21T00:22:51","date_gmt":"2023-11-20T21:22:51","guid":{"rendered":"https:\/\/fecoi.eu\/?page_id=1388"},"modified":"2023-11-21T00:22:52","modified_gmt":"2023-11-20T21:22:52","slug":"politique-de-confidentialite","status":"publish","type":"page","link":"https:\/\/fecoi.eu\/?page_id=1388","title":{"rendered":"Politique de confidentialit\u00e9"},"content":{"rendered":"\n<p>Qui sommes-nous ?<br>L&#8217;adresse de notre site web est : https:\/\/www.trenmakinisti.com.<\/p>\n\n\n\n<p>Quelles sont les informations personnelles que nous collectons et dans quel but ?<br>Commentaires<br>Lorsque des visiteurs laissent des commentaires sur le site, nous recueillons les donn\u00e9es figurant dans le formulaire de commentaire, ainsi que l&#8217;adresse IP du visiteur et les informations relatives \u00e0 son navigateur pour nous aider \u00e0 d\u00e9tecter les spams.<\/p>\n\n\n\n<p>Un texte anonyme g\u00e9n\u00e9r\u00e9 \u00e0 partir de votre adresse \u00e9lectronique (\u00e9galement appel\u00e9 &#8220;hash&#8221;) peut \u00eatre fourni au service Gravatar pour v\u00e9rifier si vous utilisez le service. La politique de confidentialit\u00e9 du service Gravatar est disponible \u00e0 l&#8217;adresse suivante : https:\/\/automattic.com\/privacy\/. Apr\u00e8s approbation de votre commentaire, votre photo de profil sera visible publiquement avec votre commentaire.<\/p>\n\n\n\n<p>M\u00e9dias<br>Si vous t\u00e9l\u00e9chargez des images sur le site web, vous devez \u00e9viter de le faire avec des donn\u00e9es de localisation int\u00e9gr\u00e9es (EXIF GPS). Les visiteurs du site web peuvent t\u00e9l\u00e9charger et extraire toute information de localisation des images sur le site web.<\/p>\n\n\n\n<p>Formulaires de contact<br>Cookies<br>Si vous laissez un commentaire sur notre site, vous pouvez choisir d&#8217;enregistrer votre nom, votre adresse \u00e9lectronique et votre site web dans des cookies. Ces cookies sont destin\u00e9s \u00e0 vous faciliter la t\u00e2che, de sorte que vous n&#8217;ayez pas \u00e0 remplir \u00e0 nouveau vos coordonn\u00e9es lorsque vous laissez un autre commentaire. La dur\u00e9e de conservation de ces cookies est d&#8217;un an.<\/p>\n\n\n\n<p>Si vous avez un compte et que vous vous connectez \u00e0 ce site, nous placerons un cookie temporaire pour d\u00e9terminer si votre navigateur accepte les cookies. Ce cookie ne contient aucune donn\u00e9e personnelle et est supprim\u00e9 lorsque vous fermez votre navigateur.<\/p>\n\n\n\n<p>Lorsque vous vous connectez, nous enregistrons plusieurs cookies pour sauvegarder vos donn\u00e9es de connexion et votre choix d&#8217;affichage \u00e0 l&#8217;\u00e9cran. Les cookies de connexion sont conserv\u00e9s pendant deux jours et les cookies d&#8217;options d&#8217;\u00e9cran pendant un an. Si vous s\u00e9lectionnez l&#8217;option &#8220;Se souvenir de moi&#8221;, votre connexion sera conserv\u00e9e pendant deux semaines. Si vous vous d\u00e9connectez de votre compte, les cookies de connexion seront supprim\u00e9s.<\/p>\n\n\n\n<p>Si vous modifiez ou publiez un article, un cookie suppl\u00e9mentaire est stock\u00e9 dans votre navigateur. Ce cookie ne contient aucune donn\u00e9e personnelle et indique uniquement l&#8217;ID de l&#8217;article que vous avez modifi\u00e9. Il expire au bout d&#8217;un jour.<\/p>\n\n\n\n<p>Contenu int\u00e9gr\u00e9 d&#8217;autres sites<br>Les articles de ce site peuvent contenir du contenu int\u00e9gr\u00e9 (par exemple des vid\u00e9os, des images, des articles, etc.). Le contenu int\u00e9gr\u00e9 provenant d&#8217;autres sites web se comporte exactement de la m\u00eame mani\u00e8re que si le visiteur avait visit\u00e9 l&#8217;autre site web.<\/p>\n\n\n\n<p>Ces sites web peuvent collecter des donn\u00e9es vous concernant, utiliser des cookies, suivre le contenu incorpor\u00e9 par un tiers et suivre votre interaction avec ce contenu incorpor\u00e9, y compris votre interaction avec le contenu incorpor\u00e9 si vous avez un compte et que vous \u00eates connect\u00e9 \u00e0 ce site web.<\/p>\n\n\n\n<p>Analyse<br>Avec qui partageons-nous vos donn\u00e9es ?<br>Dur\u00e9e de conservation des donn\u00e9es<br>Si vous laissez un commentaire, le commentaire et ses m\u00e9tadonn\u00e9es sont stock\u00e9s ind\u00e9finiment. Cela nous permet de reconna\u00eetre et d&#8217;approuver automatiquement vos commentaires ult\u00e9rieurs au lieu de les conserver dans la file d&#8217;attente de mod\u00e9ration.<\/p>\n\n\n\n<p>Pour les utilisateurs qui s&#8217;inscrivent sur notre site web, nous stockons \u00e9galement les informations personnelles qu&#8217;ils fournissent dans leur profil d&#8217;utilisateur (le cas \u00e9ch\u00e9ant). Tous les utilisateurs peuvent consulter, modifier ou supprimer leurs informations personnelles \u00e0 tout moment (\u00e0 l&#8217;exception du changement de nom d&#8217;utilisateur). Les administrateurs du site web peuvent \u00e9galement consulter et modifier ces informations.<\/p>\n\n\n\n<p>Quels sont vos droits sur vos donn\u00e9es ?<br>Si vous avez un compte ou des commentaires sur ce site, vous pouvez demander \u00e0 recevoir un fichier export\u00e9 des donn\u00e9es personnelles que nous d\u00e9tenons \u00e0 votre sujet, y compris toutes les donn\u00e9es que vous nous avez fournies. Vous pouvez \u00e9galement demander la suppression de toutes les donn\u00e9es personnelles que nous d\u00e9tenons \u00e0 votre sujet. Cela n&#8217;inclut pas les donn\u00e9es que nous devons traiter \u00e0 des fins administratives, juridiques ou de s\u00e9curit\u00e9.<\/p>\n\n\n\n<p>O\u00f9 envoyons-nous vos donn\u00e9es ?<br>Les commentaires des visiteurs peuvent \u00eatre v\u00e9rifi\u00e9s par un service de d\u00e9tection automatique des spams.<\/p>\n\n\n\n<p>Vos coordonn\u00e9es<\/p>\n","protected":false},"excerpt":{"rendered":"<p>Qui sommes-nous ?L&#8217;adresse de notre site web est : https:\/\/www.trenmakinisti.com. Quelles sont les informations personnelles que nous collectons et dans quel but ?CommentairesLorsque des visiteurs laissent des commentaires sur le site, nous recueillons les donn\u00e9es figurant dans le formulaire de commentaire, ainsi que l&#8217;adresse IP du visiteur et les informations relatives \u00e0 son navigateur pour &hellip;<\/p>\n","protected":false},"author":1,"featured_media":0,"parent":0,"menu_order":0,"comment_status":"closed","ping_status":"closed","template":"","meta":{"om_disable_all_campaigns":false,"_monsterinsights_skip_tracking":false,"_monsterinsights_sitenote_active":false,"_monsterinsights_sitenote_note":"","_monsterinsights_sitenote_category":0,"footnotes":""},"class_list":["post-1388","page","type-page","status-publish",""],"aioseo_notices":[],"_links":{"self":[{"href":"https:\/\/fecoi.eu\/index.php?rest_route=\/wp\/v2\/pages\/1388","targetHints":{"allow":["GET"]}}],"collection":[{"href":"https:\/\/fecoi.eu\/index.php?rest_route=\/wp\/v2\/pages"}],"about":[{"href":"https:\/\/fecoi.eu\/index.php?rest_route=\/wp\/v2\/types\/page"}],"author":[{"embeddable":true,"href":"https:\/\/fecoi.eu\/index.php?rest_route=\/wp\/v2\/users\/1"}],"replies":[{"embeddable":true,"href":"https:\/\/fecoi.eu\/index.php?rest_route=%2Fwp%2Fv2%2Fcomments&post=1388"}],"version-history":[{"count":1,"href":"https:\/\/fecoi.eu\/index.php?rest_route=\/wp\/v2\/pages\/1388\/revisions"}],"predecessor-version":[{"id":1389,"href":"https:\/\/fecoi.eu\/index.php?rest_route=\/wp\/v2\/pages\/1388\/revisions\/1389"}],"wp:attachment":[{"href":"https:\/\/fecoi.eu\/index.php?rest_route=%2Fwp%2Fv2%2Fmedia&parent=1388"}],"curies":[{"name":"wp","href":"https:\/\/api.w.org\/{rel}","templated":true}]}}